{"id":86,"date":"2020-07-20T09:57:49","date_gmt":"2020-07-20T09:57:49","guid":{"rendered":"https:\/\/geapage.usal.es\/?page_id=86"},"modified":"2024-01-24T17:09:52","modified_gmt":"2024-01-24T17:09:52","slug":"inicio","status":"publish","type":"page","link":"https:\/\/geapage.usal.es\/en\/inicio\/","title":{"rendered":"Inicio"},"content":{"rendered":"<p class=\"has-text-color has-background has-white-color has-medium-gray-background-color\">Lineas de Investigaci\u00f3n<\/p>\r\n\r\n\r\n\r\n<p><strong>1. Geomorfolog\u00eda<\/strong>: Geomorfolog\u00eda Ambiental Aplicada a la Planificaci\u00f3n Territorial. Cartograf\u00eda geomorfol\u00f3gica. Evaluaci\u00f3n estrat\u00e9gica y de impacto ambiental. An\u00e1lisis de la capacidad de acogida o resiliencia del territorio. An\u00e1lisis del paisaje: unidades homog\u00e9neas y naturales. Calidad y fragilidad paisaj\u00edstica. Ingenier\u00eda de restauraci\u00f3n medioambiental. Geomorfolog\u00eda aplicada a espacios naturales. Geomorfolog\u00eda del Cuaternario.<\/p>\r\n\r\n\r\n\r\n<p><strong>2. Cartograf\u00eda Tem\u00e1tica Ambiental con SIG-Teledetecci\u00f3n<\/strong>: Cartograf\u00edas de Calidad para la conservaci\u00f3n. An\u00e1lisis geoambiental con t\u00e9cnicas SIG y Teledetecci\u00f3n. An\u00e1lisis virtual del terreno y modelizaci\u00f3n-simulaci\u00f3n 3D. Cartograf\u00eda tem\u00e1tica geoambiental. Geoestad\u00edstica aplicada a la distribuci\u00f3n espacial de par\u00e1metros medioambientales<\/p>\r\n\r\n\r\n\r\n<p><strong>3. Riesgos Geol\u00f3gicos<\/strong>: Cartograf\u00eda de limitaciones de usos. Riesgos geol\u00f3gicos externos y procesos activos: riesgos de inundaci\u00f3n, erosi\u00f3n h\u00eddrica y e\u00f3lica, movimientos del terreno, riesgos geot\u00e9cnicos, riesgos litorales, riesgos de contaminaci\u00f3n de suelos y aguas. An\u00e1lisis y cartograf\u00eda edafol\u00f3gica. Contaminaci\u00f3n y restauraci\u00f3n de suelos.<\/p>\r\n\r\n\r\n\r\n<p><strong>4. Patrimonio Geol\u00f3gico<\/strong>: Puesta en valor del Patrimonio Geol\u00f3gico y Geodiversidad. Identificaci\u00f3n, valoraci\u00f3n y difusi\u00f3n de PIGs, LIGs, AIGs o \u201cGeosites\u201d. Herramientas geom\u00e1ticas y realidad aumentada aplicada a itinerarios 3D geombientales y geotur\u00edsticos. Rutas Geol\u00f3gicas implementadas en globos virtuales. Geoconservaci\u00f3n.<\/p>","protected":false},"excerpt":{"rendered":"<p>Lineas de Investigaci\u00f3n 1. Geomorfolog\u00eda: Geomorfolog\u00eda Ambiental Aplicada a la Planificaci\u00f3n Territorial. Cartograf\u00eda geomorfol\u00f3gica. Evaluaci\u00f3n estrat\u00e9gica y de impacto ambiental. An\u00e1lisis de la capacidad de acogida o resiliencia del territorio. An\u00e1lisis del paisaje: unidades homog\u00e9neas y naturales. Calidad y fragilidad paisaj\u00edstica. Ingenier\u00eda de restauraci\u00f3n medioambiental. Geomorfolog\u00eda aplicada a espacios naturales. Geomorfolog\u00eda del Cuaternario. 2. Cartograf\u00eda &hellip; <a href=\"https:\/\/geapage.usal.es\/en\/inicio\/\" class=\"more-link\">Continue reading<span class=\"screen-reader-text\"> &#8220;Inicio&#8221;<\/span><\/a><\/p>\n","protected":false},"author":51,"featured_media":0,"parent":0,"menu_order":0,"comment_status":"closed","ping_status":"closed","template":"","meta":{"footnotes":""},"class_list":["post-86","page","type-page","status-publish","hentry"],"aioseo_notices":[],"_links":{"self":[{"href":"https:\/\/geapage.usal.es\/en\/wp-json\/wp\/v2\/pages\/86","targetHints":{"allow":["GET"]}}],"collection":[{"href":"https:\/\/geapage.usal.es\/en\/wp-json\/wp\/v2\/pages"}],"about":[{"href":"https:\/\/geapage.usal.es\/en\/wp-json\/wp\/v2\/types\/page"}],"author":[{"embeddable":true,"href":"https:\/\/geapage.usal.es\/en\/wp-json\/wp\/v2\/users\/51"}],"replies":[{"embeddable":true,"href":"https:\/\/geapage.usal.es\/en\/wp-json\/wp\/v2\/comments?post=86"}],"version-history":[{"count":7,"href":"https:\/\/geapage.usal.es\/en\/wp-json\/wp\/v2\/pages\/86\/revisions"}],"predecessor-version":[{"id":282,"href":"https:\/\/geapage.usal.es\/en\/wp-json\/wp\/v2\/pages\/86\/revisions\/282"}],"wp:attachment":[{"href":"https:\/\/geapage.usal.es\/en\/wp-json\/wp\/v2\/media?parent=86"}],"curies":[{"name":"wp","href":"https:\/\/api.w.org\/{rel}","templated":true}]}}