{"id":218,"date":"2020-08-11T08:53:50","date_gmt":"2020-08-11T08:53:50","guid":{"rendered":"https:\/\/geapage.usal.es\/?page_id=218"},"modified":"2020-08-14T17:17:20","modified_gmt":"2020-08-14T17:17:20","slug":"capitulos-de-libro","status":"publish","type":"page","link":"https:\/\/geapage.usal.es\/en\/capitulos-de-libro\/","title":{"rendered":"Cap\u00edtulos de Libro"},"content":{"rendered":"\n<p><strong>CL44<\/strong>. Mart\u00ednez Gra\u00f1a, Antonio M. (2019). Geom\u00e1tica aplicada a la did\u00e1ctica en Geolog\u00eda, en el Libro De la Innovaci\u00f3n a la Investigaci\u00f3n en las Aulas. Vol. 1. 39-50 pp. Editores C. L\u00f3pez Esteban. ISBN: 978-84-1311-085-1. Editorial Aquilafuente. Universidad de Salamanca.<\/p>\n\n\n\n<p><strong>CL43<\/strong>. Vald\u00e9s, V., Mart\u00ednez-Gra\u00f1a, A., Cruz, R. (2019). Estudio geol\u00f3gico ambiental para la ordenaci\u00f3n del parque nacional de Monfrag\u00fce. Aplicaciones geomorfol\u00f3gicas al paisaje y al patrimonio geol\u00f3gico. An\u00e1lisis cartogr\u00e1fico mediante SIG. Vol. 1, 45-47. Libro 1\u00aa<em> Reuni\u00f3n<\/em> Cient\u00edfica del Programa de Doctorado de Geolog\u00eda de la Universidad de Salamanca. ISBN: 978-84-09-12236-3.<\/p>\n\n\n\n<p><strong>CL42<\/strong>. Cando-J\u00e1come, M., Mart\u00ednez-Gra\u00f1a, A.\u00a0 (2019). Geom\u00e1tica aplicada en la reducci\u00f3n de riesgos geol\u00f3gicos. Vol. 1, 13-15. Libro 1\u00aa<em> Reuni\u00f3n<\/em> Cient\u00edfica del Programa de Doctorado de Geolog\u00eda de la Universidad de Salamanca. ISBN: 978-84-09-12236-3.<\/p>\n\n\n\n<p><strong>CL41.<\/strong> Criado, M., Mart\u00ednez-Gra\u00f1a, A., Santos-Franc\u00e9s, F. (2019). An\u00e1lisis geoambiental aplicado a la evaluaci\u00f3n estrat\u00e9gica de la ciudad de Salamanca y alrededores. Vol. 1, 15-17. Libro 1\u00aa<em> Reuni\u00f3n<\/em> Cient\u00edfica del Programa de Doctorado de Geolog\u00eda de la Universidad de Salamanca. ISBN: 978-84-09-12236-3.<\/p>\n\n\n\n<p><strong>CL40<\/strong>. S\u00e1nchez, Y., Mart\u00ednez-Gra\u00f1a, A., Santos-Franc\u00e9s, F. (2019). Estudio geoambiental del Valle del Jerte aplicado a los riesgos de erosi\u00f3n. An\u00e1lisis cartogr\u00e1ficos mediante teledetecci\u00f3n y SIG. Vol. 1, 35-37. Libro 1\u00aa<em> Reuni\u00f3n<\/em> Cient\u00edfica del Programa de Doctorado de Geolog\u00eda de la Universidad de Salamanca. ISBN: 978-84-09-12236-3.<\/p>\n\n\n\n<p><strong>CL39.<\/strong> Caprichoso, C.; Legoinha, P; Mart\u00ednez-Gra\u00f1a, A.M.; S\u00e1, A.A. (2017). Utiliza\u00e7\u00e3o do Google Earth para relocaliza\u00e7\u00e3o de ocorr\u00eancias de trilobites Calymenina no Dev\u00f3nico de Portugal, en \u201cLos mapas de la Naturaleza, os mapas da Natureza\u201d. Eds.\u00a0 \u00c1lvaro Garc\u00eda Quintana, Pedro Callapez Tonicher &amp; Fernando Barroso-Barcenilla. ISBN: 978-84-697-4765-0, ISSN: 1132-0869. Memorias de la Real Sociedad Espa\u00f1ola de Historia Natural -RSEHN-, Segunda \u00e9poca, Tomo XIV, 67-68 pp.<\/p>\n\n\n\n<p><strong>CL38<\/strong>. Legoinha, P.; Mart\u00ednez-Gra\u00f1a, A.M.; Gonz\u00e1lez-Delgado, J.A. (2017). O papel das novas tecnologias na cartografia geol\u00f3gica, ensino de Ci\u00eancias da Terra e geoturismo en \u201cLos mapas de la Naturaleza, os mapas da Natureza\u201d. Eds.\u00a0 \u00c1lvaro Garc\u00eda Quintana, Pedro Callapez Tonicher &amp; Fernando Barroso-Barcenilla. ISBN: 978-84-697-4765-0, ISSN: 1132-0869. Memorias de la Real Sociedad Espa\u00f1ola de Historia Natural, -RSEHN- Segunda \u00e9poca, Tomo XIV, 375-395 pp.<\/p>\n\n\n\n<p><strong>CL37.<\/strong> Mart\u00ednez-Gra\u00f1a, A.M.; Bajo, I.; Gonz\u00e1lez-Delgado, J.A.; Legoinha, P. (2016). Entornos Virtuales 3D aplicados al Patrimonio Paleontol\u00f3gico: Ne\u00f3geno de Sevilla (Cuenca del Guadalquivir, Espa\u00f1a). Ed. Instituto Geol\u00f3gico y Minero de Espa\u00f1a. ISBN: 978-84-9138-016-0. Cuadernos del Instituto Geol\u00f3gico y Minero de Espa\u00f1a. 201-207 pp.<\/p>\n\n\n\n<p><strong>CL36.<\/strong> Mart\u00ednez-Gra\u00f1a, A.M. (2015). Vuelo Virtual por el Patrimonio Geol\u00f3gico e Hidrol\u00f3gico en Espacios Naturales. Cuadernos de Geom\u00e1tica: Aplicaciones de la Geom\u00e1tica en el estudio del patrimonio del agua -Geomatics applied to the study of the Water Heritage-, Vol 3, 27-45. ISBN: 978-84-606-6758-2. Edita: Universidad de Alcal\u00e1 e Instituto Madrile\u00f1o de Estudios Avanzados\u2010Agua, Fundaci\u00f3n IMDEA\u2010AGUA, Centro para el Conocimiento del Paisaje de Castell\u00f3n y Centro de Investigaciones sobre Desertificaci\u00f3n de Valencia. Marzo. Madrid.<\/p>\n\n\n\n<p><strong>CL35.<\/strong> Mart\u00ednez-Gra\u00f1a, A. M.; Cimarra, C. (2014). Los procesos de ense\u00f1anza-aprendizaje con globos virtuales 3D como recurso TIC, en el Libro: La era de las TT.II.CC. en la nueva docencia. Coordinador: Jos\u00e9 Francisco Dur\u00e1n Medina. Colecci\u00f3n \u2018Ediciones Universitarias\u2019. Vol 1, 255-266 pp. ISBN: 978-84-481-9742-1 y e-ISBN: 978-84-4819-737-7. Ed. Mac-GrawHill.<\/p>\n\n\n\n<p><strong>CL34.<\/strong> Martinez-Gra\u00f1a, A.M. and Goy, J.L. (2014). Puesta en valor del patrimonio geol\u00f3gico como herramienta de divulgaci\u00f3n en espacios naturales mediante las nuevas tecnolog\u00edas (itinerarios digitales, globos virtuales, vuelos 3D, paneles did\u00e1cticos y videos). Cap\u00edtulo XIV del libro: Contenidos y formas en la vanguardia universitaria.\u00a0 Colecci\u00f3n Nuevo Impulso Educativo. Ed. Visi\u00f3n Net. Coord. D. Capdevilla. Madrid. 235-252 pp.\u00a0 ISBN 978-84-15705-21-5.<\/p>\n\n\n\n<p><strong>CL33.<\/strong> Martinez-Gra\u00f1a, A.M. and Goy, J.L. (2014). Putting in value of the geological heritage like tool of spreading in natural spaces by means of the new technologies (digital itineraries, virtual globes, flights 3D, didactic panels and videos), Chapter VII of book: Content and method at the forefront of university instruction. Ed. Journal of alternative perspectives of social sciences ISBN 978-1-312-18812-9.<\/p>\n\n\n\n<p><strong>CL32<\/strong>. Martinez-Gra\u00f1a, A.M. and Goy, J.L. (2014). Come\u00e7ando valor do patrim\u00f4nio geol\u00f3gico como ferramenta de populariza\u00e7\u00e3o em espa\u00e7os naturais por meio das tecnologias novas (itiner\u00e1rios digitais, globos virtuais, v\u00f4os 3D, pain\u00e9is did\u00e1ticos e v\u00eddeos), cap\u00edtulo VII do livro: Conte\u00fados e formas na vanguarda universiataria.\u00a0 ISBN 978-989-729-093-0. Editorial Media XXI. 16 pp.<\/p>\n\n\n\n<p><strong>CL31.<\/strong> Goy, J.L.; Cruz, R.; Mart\u00ednez-Gra\u00f1a, A.M.; Zazo, C. \u00a0(2014). Geomorfolog\u00eda del Parque Nacional de Monfrag\u00fce: Cartograf\u00eda y Evoluci\u00f3n Cuaternaria. En libro: Avances de la Geomorfolog\u00eda en Espa\u00f1a 2012-2014. Ed: SEG-Sociedad Geomorfol\u00f3gica de Espa\u00f1a. Eds: Schnabel, S &amp; G\u00f3mez Guti\u00e9rrez A.\u00a0 ISBN 978-84-617-1123-9. C\u00e1ceres. 299-302 pp.<\/p>\n\n\n\n<p><strong>CL30.<\/strong> Martinez-Gra\u00f1a, A.M. and Federico Landa J. (2014). Pollution of soils in aggregates treatment plant on fluvial terraces. Case of study: Tormes River (Salamanca, Spain). Ed. Cinvestav, Mexico D.F., Mexico. The fourth international symposium on environmental Biotechnology and Engineering -4ISEBE-. Book of Abstracts- ISBN: 978-607-9023-24-9, 183 pp.<\/p>\n\n\n\n<p><strong>CL29.<\/strong> Mart\u00ednez-Gra\u00f1a, A.M.; Gago, C. (2013). Diagn\u00f3stico ambiental del an\u00e1lisis de riesgos por avenidas fluviales mediante SIG en el sector de las Quemadillas (C\u00f3rdoba, Espa\u00f1a). Cuadernos de Geomatica Vol 1, 39-81. ISBN: 978-84-616-8388-8 Edita: Universidad de Alcal\u00e1 y Universidad Rey Juan Carlos. Junio 2013. Madrid.<\/p>\n\n\n\n<p><strong>CL28.<\/strong> Goy, J.L., Mart\u00ednez-Gra\u00f1a, A.M., Sanz, J., Cruz, R., Andr\u00e9s, C., De Bustamante, I.; Zazo, C.; Gonz\u00e1lez-Delgado, J.A., y Mart\u00ednez-Jaraiz, C. (2013). Inventario y Catalogaci\u00f3n del patrimonio geol\u00f3gico de los Espacios naturales del Sur de Castilla y Le\u00f3n (Salamanca-\u00c1vila, Espa\u00f1a). En Libro: Patrimonio Geol\u00f3gico, un recurso para el desarrollo. Edita: IGME- Instituto Geol\u00f3gico de Espa\u00f1a, Eds: Vegas, J.; Salazar, A.; D\u00edaz Mart\u00ednez, E. y March\u00e1n C, pp. 389-400. Cuadernos del Museo Geominero n\u00ba 15. ISBN: 978-84-7840-901-3.<\/p>\n\n\n\n<p><strong>CL27. <\/strong>Bardaj\u00ed, T.; Mart\u00ednez-Gra\u00f1a, A.M.; S\u00e1nchez-Moral, S.; Jim\u00e9nez-Higueras, A.; Garc\u00eda-Gonz\u00e1lez, D.; Barret, H.; Cuezva, S. (2013). Aplicaci\u00f3n de criterios geol\u00f3gicos-geomorfol\u00f3gicos en el an\u00e1lisis geoarqueol\u00f3gico de Dra Abu-El-Naga\u00a0 (Necr\u00f3polis tebana, Egipto). Resultados preliminares. En Libro: El Cuaternario Ib\u00e9rico: Investigaci\u00f3n en el siglo XXI. Eds: Baena, R, Fern\u00e1ndez, J. Guerrero, I. Edita: AEQUA-Asociaci\u00f3n Espa\u00f1ola del Cuaternario. 98-100 pp. ISBN: 978-84-6955-8601-3.<\/p>\n\n\n\n<p><strong>CL26.<\/strong> A.M. Mart\u00ednez-Gra\u00f1a, J.L. Goy, I. De Bustamante y C. Zazo. (2013). Environmental impacts of anthropogenic activities on the water resources and their characterization for management and planning of the natural spaces of \u201cLas Batuecas-Sierra de Francia\u201d and \u201cQuilamas\u201d (Salamanca, Spain). In: Management of Water Resources in Protected Areas (Chapter 2: Impact of public use on water resource). Ed: Farfan Gonz\u00e1lez, H.; Corvea Porras, JL; De Bustamante Guti\u00e9rrez, I y Lamoreaux, JW.\u00a0 ISBN: 978-3-642-16329-6. Ed. Springer. February 2013. pp 39-47.<\/p>\n\n\n\n<p><strong>CL25.<\/strong> A.M. Mart\u00ednez-Gra\u00f1a, J.L. Goy y C. Zazo. (2013). Flood hazard mapping of the Yeltes river basin for the planning of natural spaces of \u201cLas Batuecas-Sierra de Francia\u201d and \u201cQuilamas\u201d and their influence zone (Salamanca, Spain). In: Management of Water Resources in Protected Areas (Chapter 4: Design and management of water resource). Ed: Farfan Gonz\u00e1lez, H.; Corvea Porras, JL; De Bustamante Guti\u00e9rrez, I y Lamoreaux, JW.\u00a0 ISBN: 978-3-642-16329-6.Ed. pringer. February 2013, 113-121.<\/p>\n\n\n\n<p><strong>CL24.<\/strong> Mart\u00ednez-Gra\u00f1a, A.M.; Andr\u00e9s Cimarra, C.; Mart\u00ednez-Jar\u00e1iz. C; Civis Llovera, J.; Francisco de Paz, J.; Yenes M. (2012). Geolodia 2005-2012. Un paseo por el pasado y presente de la Sierra de Francia. Editores: Sociedad Geol\u00f3gica de Espa\u00f1a SGE, Instituto Geol\u00f3gico y Minero de Espa\u00f1a IGME &amp; Asociaci\u00f3n Espa\u00f1ola Para la Ense\u00f1anza de las Ciencias de la Tierra AEPECT, Libro-CD Dep\u00f3sito Legal M-21593-2012. Junio 2012. 120 pp.<\/p>\n\n\n\n<p><strong>CL23.<\/strong> Mart\u00ednez-Gra\u00f1a, A.M., Goy, J.L. and Zazo, C. (2012) The Landscape and geomorphology in the planning and management of Natural Parks. Aplications in the Las Batuecas-S. de Francia and Quilamas Natural Parks, SW Salamanca (Spain). International Scientific Simposyum: \u201cFrom environmental geology to global geomorphic change\u201d in honour of Prof. Antonio Cendrero. Santander. Dep\u00f3sito Legal: SA-612-2012, pp. 61-62.<\/p>\n\n\n\n<p><strong>CL22.<\/strong> J.L. Goy, JA Gonz\u00e1lez-Delgado, M L\u00f3pez-Plaza, E. Preto Gomes, A. Alencoao, C. Zazo, R. Cruz, A. M. Mart\u00ednez-Gra\u00f1a, J. L\u00f3pez Moro, L Sousa, I. De Villota, I. De Bustamante, J. Sanz, E. Garc\u00eda-Mel\u00e9ndez, J., Civis, A. Carnicero, I. Barrera &amp; P. Carral. (2010). \u201cArribes Del Duero\u201d (Spain, Portugal): Possibilities for the first Iberian cross-border Geopark. First Meeting of ProGeo Regional Working Group SW Europe (France, Italy, Portugal and Spain). Geoevents, Geological Heritage and the role of the IGCP. 15-18 Septiembre 2010. Caravaca de la Cruz (Spain). September. Ed: Marco A. lamnolda (coord.), Enrique D\u00edaz Moreno, Florentin Maurrasse, Guillermo Mel\u00e9ndez, Christopher N.C. Paul, Rodr\u00edguez Tovar. Dep. Legal: MU-1480-2010.<\/p>\n\n\n\n<p><strong>CL21.<\/strong> A.M. Mart\u00ednez-Gra\u00f1a, J.L. Goy y C. Zazo. (2010). Gu\u00eda de Campo: Itinerario Geol\u00f3gico por los Espacios Naturales de \u201cLas Batuecas-Sierra de Francia\u201d y \u201cQuilamas\u201d. En el libro: Jornadas sobre Geomorfolog\u00eda y Geolog\u00eda Ambiental aplicada a la gesti\u00f3n de Espacios Naturales Protegidos del Suroeste de Castilla y Le\u00f3n y Norte de Extremadura. Edita: J.L. Goy, R. Cruz, A.M. Mart\u00ednez-Gra\u00f1a y J.A. Gonz\u00e1lez-Delgado. Departamento de Geolog\u00eda. Facultad de Ciencias-Salamanca. 85-100 pp. ISBN 978-84-7484-229-6.<\/p>\n\n\n\n<p><strong>CL20.<\/strong> A.M. Mart\u00ednez-Gra\u00f1a. (2010). Los Riesgos Geol\u00f3gicos en Espacios Naturales Protegidos. En el libro: Jornadas sobre Geomorfolog\u00eda y Geolog\u00eda Ambiental aplicada a la gesti\u00f3n de Espacios Naturales Protegidos del Suroeste de Castilla y Le\u00f3n y Norte de Extremadura. Edita: J.L. Goy, R. Cruz, A.M. Mart\u00ednez-Gra\u00f1a y J.A. Gonz\u00e1lez-Delgado. Departamento de Geolog\u00eda. Facultad de Ciencias-Salamanca. 62-65 pp. ISBN 978-84-7484-229-6.<\/p>\n\n\n\n<p><strong>CL19.<\/strong> A.M. Mart\u00ednez-Gra\u00f1a, J.L. Goy y C. Zazo. (2010). Los Espacios Naturales Protegidos de \u201cLas Batuecas-Sierra de Francia\u201d y \u201cQuilamas\u201d. En el libro: Jornadas sobre Geomorfolog\u00eda y Geolog\u00eda Ambiental aplicada a la gesti\u00f3n de Espacios Naturales Protegidos del Suroeste de Castilla y Le\u00f3n y Norte de Extremadura. Edita: J.L. Goy, R. Cruz, A.M. Mart\u00ednez-Gra\u00f1a y J.A. Gonz\u00e1lez-Delgado. Departamento de Geolog\u00eda. Facultad de Ciencias-Salamanca. 66-69 pp. ISBN 978-84-7484-229-6.<\/p>\n\n\n\n<p><strong>CL18.<\/strong> A.M. Mart\u00ednez-Gra\u00f1a. (2010). Impactos Ambientales en Espacios Naturales Protegidos. En el libro: Jornadas sobre Geomorfolog\u00eda y Geolog\u00eda Ambiental aplicada a la gesti\u00f3n de Espacios Naturales Protegidos del Suroeste de Castilla y Le\u00f3n y Norte de Extremadura. Edita: J.L. Goy, R. Cruz, A.M. Mart\u00ednez-Gra\u00f1a y J.A. Gonz\u00e1lez-Delgado. Departamento de Geolog\u00eda. Facultad de Ciencias-Salamanca. 53-61 pp. ISBN 978-84-7484-229-6.<\/p>\n\n\n\n<p><strong>CL17.<\/strong> A.M. Mart\u00ednez-Gra\u00f1a, J.L. Goy y C. Zazo. (2009). La Cartograf\u00eda de Peligrosidad por movimientos de ladera en los Espacios Naturales Protegidos de Las Batuecas-Sierra de Francia y Quilamas (Sistema Central, Salamanca, Espa\u00f1a). Libro-CD: Geociencias2009: III Simposio de Riesgos Geol\u00f3gicos y Sismicidad y VIII Congreso de Geolog\u00eda. P\u00e1gina Geo13-P16. ISBN: 978-959-7117-19-3. La Habana. Cuba.<\/p>\n\n\n\n<p><strong>CL16.<\/strong> A.M. Mart\u00ednez-Gra\u00f1a, J.L. Goy, I. De Bustamante, C. Zazo y I. Pic\u00f3n. (2008). Cartograf\u00eda de Susceptibilidad a los movimientos de ladera en los Espacios Naturales de Las Batuecas-Sierra de Francia y Quilamas (Sur de Salamanca, Espa\u00f1a). Libro: Convenci\u00f3n Tr\u00f3pico 2008 de Geograf\u00eda Tropical. 1308-1322 pp. ISBN: 978-959-282-079-1. La Habana. Cuba.<\/p>\n\n\n\n<p><strong>CL15.<\/strong> J.L. Goy, I. De Bustamante, J. Sanz, R. Cruz y A. Mart\u00ednez-Gra\u00f1a. (2008). Cartograf\u00edas geoambientales para la gesti\u00f3n de Espacios Naturales Protegidos en \u00c1reas de Monta\u00f1a. Aplicaciones a los ENP del SW de Salamanca, Castilla y Le\u00f3n, Espa\u00f1a. Libro: Convenci\u00f3n Tr\u00f3pico 2008 de Geograf\u00eda Tropical. 93-94 pp. ISBN: 978-959-282-079-1. La Habana. Cuba.<\/p>\n\n\n\n<p><strong>CL14<\/strong>. A.M. Mart\u00ednez-Gra\u00f1a, J.L. Goy; I. Pic\u00f3n, C. Zazo y R. Cruz. (2008). An\u00e1lisis Cartogr\u00e1fico del riesgo de erosi\u00f3n h\u00eddrica y e\u00f3lica en los Espacios Naturales de Las Batuecas- Sierra de Francia y Quilamas (Sistema Central, Salamanca, Espa\u00f1a). Libro: Trabajos de Geomorfolog\u00eda en Espa\u00f1a (2006-2008). 443-446 pp. Ed: Benavente, J. &amp; Gracia F.J. ISBN: 84-473-6226-4. C\u00e1diz.<\/p>\n\n\n\n<p><strong>CL13.<\/strong> R. Cruz; J.L. Goy; C. Zazo y A. Mart\u00ednez-Gra\u00f1a. (2008). Cartograf\u00edas Geomorfol\u00f3gicas y Paisaj\u00edsticas del Patrimonio Natural para la gesti\u00f3n de los ENP de Candelario y Gredos (Sistema Central, Salamanca-\u00c1vila, Espa\u00f1a). Libro: Trabajos de Geomorfolog\u00eda en Espa\u00f1a (2006-2008). 439-442 pp. Ed: Benavente, J. &amp; Gracia F.J. ISBN: 84-473-6226-4. C\u00e1diz.<\/p>\n\n\n\n<p><strong>CL12.<\/strong> Mart\u00ednez Gra\u00f1a, A.; Goy, J.L.; Zazo, C. (2007). Analysis of water erosion using GIS and Remote Sensing for the management of protected natural environments in the south of the province of Salamanca (Spain). Libro: Progress in Gully Erosion Research. 84-85 pp. Eds.: Javier Casal\u00ed &amp; Rafael Jim\u00e9nez. ISBN: 978-84-9769-198-7. Universidad P\u00fablica de Pamplona. Pamplona.<\/p>\n\n\n\n<p><strong>CL11.<\/strong> Mart\u00ednez Gra\u00f1a, A.; Goy, J.L.; Zazo, C. (2007). Cartograf\u00eda Geomorfol\u00f3gica y patrimonio geol\u00f3gico cuaternario en la R\u00eda de Arosa (Pontevedra-La Coru\u00f1a, Galicia, Espa\u00f1a). Libro: Contribuciones al estudio del periodo Cuaternario. 229-230 pp. Eds.: J. Lario &amp; P.G. Silva. ISBN: 978-84-7484-201-2. Madrid.<\/p>\n\n\n\n<p><strong>CL10.<\/strong> Mart\u00ednez-Gra\u00f1a, A.M.; Goy, J.L.; Zazo, C.; Pic\u00f3n, I. y S\u00e1nchez, N. (2006). An\u00e1lisis del riesgo de inundaci\u00f3n en la cuenca del r\u00edo Yeltes (Salamanca, Espa\u00f1a). En: Libro: Experiencias T\u00e9cnicas. P\u00e1g 19. Madrid.<\/p>\n\n\n\n<p><strong>CL9<\/strong>. Mart\u00ednez-Gra\u00f1a, A.M.; S\u00e1nchez, N.; Goy, J.L.; Zazo, C.; Baile, L.; Forteza, J. (2005). Cartograf\u00eda del Riesgo de erosi\u00f3n del E.N.P. \u201cLas Batuecas-Sierra de Francia\u201d y Quilamas (Salamanca, Espa\u00f1a) mediante t\u00e9cnicas de teledetecci\u00f3n y SIG. En Libro: Control de la Degradaci\u00f3n de Suelos. 819-823 pp. Eds: R. Jim\u00e9nez Ballesta &amp; A.M. \u00c1lvarez Gonz\u00e1lez. ISBN: 84-689-2620-5. Madrid.<\/p>\n\n\n\n<p><strong>CL8<\/strong>. Mart\u00ednez-Gra\u00f1a, A.; Goy, J.L.; Mateos, J.; Zazo, C.; Sanz, J.; Cruz, R.; Forteza, J.L. (2004). Evaluaci\u00f3n mediante SIG de la agresividad pluvial en los Espacios naturales Protegidos del Sur de Salamanca: \u201cRebollar, Las Batuecas &#8211; Sierra de Francia y Candelario \u2013 Gredos\u201d (Salamanca, \u00c1vila). Ciencia do Solo da Ib\u00e9rica. Bragan\u00e7a (Portugal). Vol. n\u00ba 1. P\u00e1g.164. Bragan\u00e7a-Portugal. <\/p>\n\n\n\n<p><strong>CL7.<\/strong> Mart\u00ednez-Gra\u00f1a, A.; Goy, J.L.; Cruz, R.; Forteza, J.L.; Zazo, C.; Barrera, I. (2004). Cartograf\u00eda del riesgo de erosi\u00f3n h\u00eddrica mediante SIG en los espacios naturales de Candelario-Gredos (Salamanca, \u00c1vila). I Congresso Ib\u00e9rico da Ciencia do Solo. Bragan\u00e7a (Portugal). Vol. n\u00ba 1. P\u00e1g.177. Bragan\u00e7a-Portugal.<\/p>\n\n\n\n<p><strong>CL6<\/strong>. Mart\u00ednez-Gra\u00f1a, A.; Goy, J.L.; Forteza-Bonnin, J.; Zazo, C; Barrera, I y Gonz\u00e1lez, F. (2003). Riesgo de p\u00e9rdida de suelo en los Espacios Naturales de Las Batuecas &#8211; S. Francia y Quilamas (Salamanca, Espa\u00f1a). Aplicaci\u00f3n cartogr\u00e1fica mediante SIG. Libro: Control de la Erosi\u00f3n y Degradaci\u00f3n del Suelo. Vol. 1. 593-596 pp. Eds: R. Bienes &amp; M. J. Marqu\u00e9s Editores. I.S.B.N.: 84-688-2337-6. Madrid.<\/p>\n\n\n\n<p><strong>CL5<\/strong>. Mart\u00ednez Gra\u00f1a, A.; Goy, J.L.; Sanz, J.M.; De Bustamante, I.; Zazo, C. (2002). Diagn\u00f3stico Ambiental del Espacio Natural Protegido de El Rebollar y su entorno, Salamanca. Libro: Avances en Calidad Ambiental. 417-420 pp. Ed Ramos Castellanos &amp; M\u00e1rquez Moreno. Universidad de Salamanca y la Consejer\u00eda de Medio Ambiente de la Junta de Castilla y Le\u00f3n. I.S.B.N.: 84-7800-811-X. Salamanca.<\/p>\n\n\n\n<p><strong>CL4<\/strong>. Cruz, R.; Goy, J. L.; Zazo, C.; Forteza, J.; Gaite, M.; Barrera, I; Gonz\u00e1lez, F. M.; Mart\u00ednez Gra\u00f1a, A. y Mateos, J. (2002). Metodolog\u00eda cartogr\u00e1fica para la planificaci\u00f3n territorial en el Espacio Natural de Candelario. Libro: Avances en Calidad Ambiental. 199-205 pp. Ed Ramos Castellanos &amp; M\u00e1rquez Moreno. Universidad de Salamanca y la Consejer\u00eda de Medio Ambiente de la Junta de Castilla y Le\u00f3n. I.S.B.N.: 84-7800-811-X. Salamanca.<\/p>\n\n\n\n<p><strong>CL3<\/strong>. Gonz\u00e1lez Hern\u00e1ndez, F.M.; Pereira; M.D.; Goy, J.L.; Forteza, J.; Bernal, M.N.; Garc\u00eda, A.; y Mart\u00ednez Gra\u00f1a, A. (2002). Concentraciones de Metales Pesados en suelos de las inmediaciones de B\u00e9jar (Salamanca, Espa\u00f1a): impactos areales \u2013 vertederos de RSU- y lineales \u2013carretera Salamanca-C\u00e1ceres. Libro: Avances en Calidad Ambiental. 321-327 pp. Ed Ramos Castellanos &amp; M\u00e1rquez Moreno. Universidad de Salamanca y la Consejer\u00eda de Medio Ambiente de la Junta de Castilla y Le\u00f3n. I.S.B.N.: 84-7800-811-X. Salamanca.<\/p>\n\n\n\n<p><strong>CL2<\/strong>. Sanz, J.M; De Bustamante, I.; Goy, J. L.; Gonz\u00e1lez, F. M.; Mateos, J y Mart\u00ednez Gra\u00f1a, A. (2002). Cartograf\u00eda Hidrol\u00f3gica del Espacio Natural Protegido de El Rebollar: una aplicaci\u00f3n en estudios de ordenaci\u00f3n del territorio. Libro: Avances en Calidad Ambiental. 589-593 pp. Ed Ramos Castellanos &amp; M\u00e1rquez Moreno. Universidad de Salamanca y la Consejer\u00eda de Medio Ambiente de la Junta de Castilla y Le\u00f3n. I.S.B.N.: 84-7800-811-X. Salamanca.<\/p>\n\n\n\n<p><strong>CL1.<\/strong> Cruz, R.; Goy, J. L.; De Villota, I.; Zazo, C.; Barrera, I.; Gaite, M.; De Bustamante, I.; Gonz\u00e1lez, F.M.; Forteza, J. y Mart\u00ednez Gra\u00f1a, A. (2002). An\u00e1lisis y valoraci\u00f3n del patrimonio Paisaj\u00edstico, Cient\u00edfico y Cultural, mediante la utilizaci\u00f3n de SIG en el Espacio Natural de Candelario (Sierra de B\u00e9jar, Salamanca-\u00c1vila, Espa\u00f1a). Memoria-CD: 3rd International Congress on Science and Technology for the Safeguard of Cultural Heritage in the Mediterranean Basin. ISBN: 84-8138-453-4. Alcal\u00e1 de Henares (Espa\u00f1a).<\/p>\n","protected":false},"excerpt":{"rendered":"<p>CL44. Mart\u00ednez Gra\u00f1a, Antonio M. (2019). Geom\u00e1tica aplicada a la did\u00e1ctica en Geolog\u00eda, en el Libro De la Innovaci\u00f3n a la Investigaci\u00f3n en las Aulas. Vol. 1. 39-50 pp. Editores C. L\u00f3pez Esteban. ISBN: 978-84-1311-085-1. Editorial Aquilafuente. Universidad de Salamanca. CL43. Vald\u00e9s, V., Mart\u00ednez-Gra\u00f1a, A., Cruz, R. (2019). Estudio geol\u00f3gico ambiental para la ordenaci\u00f3n del &hellip; <a href=\"https:\/\/geapage.usal.es\/en\/capitulos-de-libro\/\" class=\"more-link\">Continue reading<span class=\"screen-reader-text\"> &#8220;Cap\u00edtulos de Libro&#8221;<\/span><\/a><\/p>\n","protected":false},"author":51,"featured_media":0,"parent":0,"menu_order":0,"comment_status":"closed","ping_status":"closed","template":"","meta":{"footnotes":""},"class_list":["post-218","page","type-page","status-publish","hentry"],"aioseo_notices":[],"_links":{"self":[{"href":"https:\/\/geapage.usal.es\/en\/wp-json\/wp\/v2\/pages\/218","targetHints":{"allow":["GET"]}}],"collection":[{"href":"https:\/\/geapage.usal.es\/en\/wp-json\/wp\/v2\/pages"}],"about":[{"href":"https:\/\/geapage.usal.es\/en\/wp-json\/wp\/v2\/types\/page"}],"author":[{"embeddable":true,"href":"https:\/\/geapage.usal.es\/en\/wp-json\/wp\/v2\/users\/51"}],"replies":[{"embeddable":true,"href":"https:\/\/geapage.usal.es\/en\/wp-json\/wp\/v2\/comments?post=218"}],"version-history":[{"count":3,"href":"https:\/\/geapage.usal.es\/en\/wp-json\/wp\/v2\/pages\/218\/revisions"}],"predecessor-version":[{"id":237,"href":"https:\/\/geapage.usal.es\/en\/wp-json\/wp\/v2\/pages\/218\/revisions\/237"}],"wp:attachment":[{"href":"https:\/\/geapage.usal.es\/en\/wp-json\/wp\/v2\/media?parent=218"}],"curies":[{"name":"wp","href":"https:\/\/api.w.org\/{rel}","templated":true}]}}