{"id":217,"date":"2020-08-11T08:53:50","date_gmt":"2020-08-11T08:53:50","guid":{"rendered":"https:\/\/geapage.usal.es\/?page_id=217"},"modified":"2020-08-14T10:54:15","modified_gmt":"2020-08-14T10:54:15","slug":"libros","status":"publish","type":"page","link":"https:\/\/geapage.usal.es\/en\/libros\/","title":{"rendered":"Libros"},"content":{"rendered":"\n<p><strong>L6. <\/strong>Monge-Ganuczas, M., Mart\u00ednez-Jara\u00edz, C., Mart\u00ednez-R\u00edus, A., Adrados, L., Belmonte. A., Brilha, J., Carcavilla, L., Coello, J., Casta\u00f1o de Luis, R., D\u00edaz-Mart\u00ednez, E., D\u00edez-Herrero, A., Fern\u00e1ndez-Mart\u00ednez, E., Garc\u00eda de Celis, A. G\u00f3mez, L. Jim\u00e9nez, R., <strong>Mart\u00ednez-Gra\u00f1a, A<\/strong>., Ramil-Rego, P., Rold\u00e1n, F.J., Salazar, A., Sanz de Galdeano, C., Obrador, A., P\u00e9rez, A.B., Villalobos, M. En M. Monge-Ganuzas, C. Mart\u00ednez-Jar\u00e1iz, A. Mart\u00ednez-R\u00edus (eds). 2019. Introducci\u00f3n al patrimonio geol\u00f3gico de inter\u00e9s tur\u00edstico de la Red Espa\u00f1ola de Reservas de la Biosfera. Ed. Organismo Aut\u00f3nomo de Parques Nacionales (OAPN). ISBN: 978-84-8014-923-5.Madrid.161 p.<\/p>\n\n\n\n<p><strong>L5. Mart\u00ednez Gra\u00f1a, Antonio M.<\/strong> (2018). Estudio Geol\u00f3gico-Ambiental de \u201cLas Batuecas, Sierra de Francia y Quilamas\u201d. ISBN: 978-84-7797-476-5. 365 pp. Ed. Diputaci\u00f3n de Salamanca.<\/p>\n\n\n\n<p><strong>L4.<\/strong> Santos Franc\u00e9s, F; <strong>Mart\u00ednez-Gra\u00f1a, A.M<\/strong>.; Ladero \u00c1lvarez, M. (2015). Itinerario Edafol\u00f3gico por la provincia de salamanca: la Armu\u00f1a &#8211; la dehesa &#8211; la Sierra de Francia. Los suelos m\u00e1s representativos y algunos procesos erosivos naturales. Eds.: Santos Franc\u00e9s, F. y Mart\u00ednez Gra\u00f1a, A. Dep\u00f3sito Legal: S-219-215. ISBN: 978-84-606-8801-3. Sociedad Espa\u00f1ola de Ciencias del Suelo- SECS- Delegaci\u00f3n de Castilla y Le\u00f3n, Salamanca. 109 pp.<\/p>\n\n\n\n<p><strong>L3. Mart\u00ednez-Gra\u00f1a, A.M.<\/strong>; Goy, J.L.; Santos Franc\u00e9s, F.; Mart\u00edn S\u00e1nchez, I.; Pic\u00f3n Cabrera, I.; Delgado S\u00e1nchez, L.; S\u00e1nchez Agudo, J.A. (2012). Los SIG y la Cartograf\u00eda Ambiental: Evaluaci\u00f3n Estrat\u00e9gica y de Impacto Ambiental. Editores:<strong> A.M<\/strong>. <strong>Mart\u00ednez-Gra\u00f1a<\/strong> and J.L. Goy. Libro-CD. ISBN: 978-84-616-1618-3-2012. Noviembre 2012. Salamanca. 102 pp.<\/p>\n\n\n\n<p><strong>L2.<\/strong> Goy. J.L.;<strong> Mart\u00ednez-Gra\u00f1a, A.M<\/strong>.; Cruz. R.; Andr\u00e9s, C.; Mart\u00ednez-Jar\u00e1iz. C. (2012). Inventario y catalogaci\u00f3n cartogr\u00e1fica del Patrimonio Geol\u00f3gico (Cient\u00edfico y Did\u00e1ctico) de la Reserva de la Biosfera de las Sierras de B\u00e9jar y Francia. Colecci\u00f3n Patrimonio Geol\u00f3gico, Vol. 1. Editores: Goy. J.L.; Mart\u00ednez-Gra\u00f1a, A.M.; Cruz Ramos. R.; Andr\u00e9s Cimarra, C. ISBN 978-84-615-9656-0. Junio 2012. 120 pp.<\/p>\n\n\n\n<p><strong>L1. Mart\u00ednez-Gra\u00f1a, A.<\/strong> (1994). Formaci\u00f3n y din\u00e1mica de las r\u00edas gallegas. Libro. 36 p\u00e1ginas. Ed Conseller\u00eda de Pesca. Xunta de Galicia. ISBN: 84-453-1030-5. La Coru\u00f1a.<\/p>\n","protected":false},"excerpt":{"rendered":"<p>L6. Monge-Ganuczas, M., Mart\u00ednez-Jara\u00edz, C., Mart\u00ednez-R\u00edus, A., Adrados, L., Belmonte. A., Brilha, J., Carcavilla, L., Coello, J., Casta\u00f1o de Luis, R., D\u00edaz-Mart\u00ednez, E., D\u00edez-Herrero, A., Fern\u00e1ndez-Mart\u00ednez, E., Garc\u00eda de Celis, A. G\u00f3mez, L. Jim\u00e9nez, R., Mart\u00ednez-Gra\u00f1a, A., Ramil-Rego, P., Rold\u00e1n, F.J., Salazar, A., Sanz de Galdeano, C., Obrador, A., P\u00e9rez, A.B., Villalobos, M. En M. &hellip; <a href=\"https:\/\/geapage.usal.es\/en\/libros\/\" class=\"more-link\">Continue reading<span class=\"screen-reader-text\"> &#8220;Libros&#8221;<\/span><\/a><\/p>\n","protected":false},"author":51,"featured_media":0,"parent":0,"menu_order":0,"comment_status":"closed","ping_status":"closed","template":"","meta":{"footnotes":""},"class_list":["post-217","page","type-page","status-publish","hentry"],"aioseo_notices":[],"_links":{"self":[{"href":"https:\/\/geapage.usal.es\/en\/wp-json\/wp\/v2\/pages\/217","targetHints":{"allow":["GET"]}}],"collection":[{"href":"https:\/\/geapage.usal.es\/en\/wp-json\/wp\/v2\/pages"}],"about":[{"href":"https:\/\/geapage.usal.es\/en\/wp-json\/wp\/v2\/types\/page"}],"author":[{"embeddable":true,"href":"https:\/\/geapage.usal.es\/en\/wp-json\/wp\/v2\/users\/51"}],"replies":[{"embeddable":true,"href":"https:\/\/geapage.usal.es\/en\/wp-json\/wp\/v2\/comments?post=217"}],"version-history":[{"count":2,"href":"https:\/\/geapage.usal.es\/en\/wp-json\/wp\/v2\/pages\/217\/revisions"}],"predecessor-version":[{"id":234,"href":"https:\/\/geapage.usal.es\/en\/wp-json\/wp\/v2\/pages\/217\/revisions\/234"}],"wp:attachment":[{"href":"https:\/\/geapage.usal.es\/en\/wp-json\/wp\/v2\/media?parent=217"}],"curies":[{"name":"wp","href":"https:\/\/api.w.org\/{rel}","templated":true}]}}