{"id":213,"date":"2020-08-11T08:52:45","date_gmt":"2020-08-11T08:52:45","guid":{"rendered":"https:\/\/geapage.usal.es\/?page_id=213"},"modified":"2020-08-14T10:44:33","modified_gmt":"2020-08-14T10:44:33","slug":"art-indexadas","status":"publish","type":"page","link":"https:\/\/geapage.usal.es\/en\/art-indexadas\/","title":{"rendered":"Art\u00edculos Indexados"},"content":{"rendered":"\n<p style=\"font-size:28px\" class=\"has-text-color has-background has-text-align-center has-white-color has-blue-gray-background-color\">2020<\/p>\n\n\n\n<p><strong>54<\/strong>. Marcelo Cando-J\u00e1come, Antonio Mart\u00ednez-Gra\u00f1a, Virginia Vald\u00e9s (2020). Detection of terrain deformations by InSAR techniques and geophysical methods (Zaruma City, Ecuador). Remote Sensing, 12 (10), 1598.<\/p>\n\n\n\n<p><strong>53<\/strong>. Jos\u00e9 \u00c1ngel Gonz\u00e1lez-Delgado, Antonio Mart\u00ednez-Gra\u00f1a, Marina Holgado, Juan Carlos Gonzalo and Paulo Legoinha (2020). Augmented Reality as a tool for promoting the tourist value of the Geological Heritage around natural filming locations: A case study in \u201cSad Hill\u201d (The Good, the Bad and the Ugly movie, Burgos, Spain). Geoheritage, 12:34.<\/p>\n\n\n\n<p><strong>52<\/strong>. Marco Criado; Santos-Franc\u00e9s, Fernando; Mart\u00ednez-Gra\u00f1a Antonio; S\u00e1nchez-S\u00e1nchez, Yolanda and Leticia Merch\u00e1n. (2020). Multitemporal Analysis of Soil Sealing and Land Use Changes Linked to Urban Expansion of Salamanca (Spain) Using Landsat Images and Soil Carbon Management as a Mitigating Tool for Climate Change. Remote Sensing, 12, 1131.<\/p>\n\n\n\n<p><strong>51.<\/strong> Marcelo Cando-J\u00e1come, Antonio Mart\u00ednez-Gra\u00f1a, Virginia Vald\u00e9s (2020). Prevention of Disasters Related to Extreme Natural Ground Deformation Events by Applying Spatial Modeling in Urban Areas (Quito, Ecuador). International Journal of Environmental Research and Public Health, 17 (3), 753.<\/p>\n\n\n\n<p style=\"font-size:28px\" class=\"has-text-color has-background has-text-align-center has-white-color has-blue-gray-background-color\">2019<\/p>\n\n\n\n<p><strong>50<\/strong>. Goy J.L.; Rodr\u00edguez L\u00f3pez, G.; Mart\u00ednez-Gra\u00f1a A.; Cruz, R.; Vald\u00e9s, V. (2019). Geomorphological Analysis Applied to the Evolution of the Quaternary Landscape of the Tormes River (Salamanca, Spain). Sustainability 11 (24), 7255.<\/p>\n\n\n\n<p><strong>49<\/strong>. Silva, P.G.; Giner-Robles, J.L.; Elez, J.; Roquero, E.; Rodr\u00edguez-Pascua, M.A.; P\u00e9rez-L\u00f3pez, R.; Mart\u00ednez-Gra\u00f1a, A.;Bardaj\u00ed, T.; Perucha, M.A. (2019). Historical earthquakes in the Lower Segura basin (SE Spain): geological and archaeological evidence from pre-roman to modern times. Zeitschrift f\u00fcr Geomorphologie, Vol. 62, Suppl. 2. 247-269.<\/p>\n\n\n\n<p><strong>48<\/strong>. <strong>S<\/strong>\u00e1nchez-S\u00e1nchez, Y., Mart\u00ednez-Gra\u00f1a, A, Santos-Franc\u00e9s, F and Yenes M. (2019). Index for calculation of future wine areas according to climate change. Application to the Protected Designation of Origin \u201cSierra de Salamanca\u201d (Spain). Ecological Indicators, 105646.<\/p>\n\n\n\n<p><strong>47<\/strong>. Cando-J\u00e1come, M.; Mart\u00ednez-Gra\u00f1a, A. (2019). Differential interferometry, structural lineaments and terrain deformation analysis applied in Zero Zone 2016 Earthquake (Manta, Ecuador). Environmental Earth Sciences, 78:499.<\/p>\n\n\n\n<p><strong>46<\/strong>. Fernando Santos-Franc\u00e9s, Antonio Mart\u00ednez-Gra\u00f1a, Carmelo \u00c1vila-Zarza, Marco Criado, Yolanda S\u00e1nchez (2019). Comparison of methods for evaluating various quality soil ecosystem semiarid and evaluation of the effects of physico-chemical properties and factor soil erodibility (northern plateau, Spain). Geoderma 354, 113872. Ed.: Elsevier. ISSN: 0016-7061. Impact Factor JCR_2017: 3.740. Categories: Soil Sciences (5\/34-Q1). https:\/\/www.sciencedirect.com\/science\/article\/pii\/S0016706119307049<\/p>\n\n\n\n<p><strong>45.<\/strong> Criado M., Mart\u00ednez-Gra\u00f1a A. Santos-Franc\u00e9s F., Veleda S. (2019). Integration of GIS technology in the urban planning to extend the city of Zamora, Spain. Environmental Engineering and Management Journal, Vol. 18 n\u00ba 7, 1399-1411.&nbsp; Ed: Gheorghe Asachi Technical University of Iasi, Romania. Print ISSN: 1582-9596, eISSN: 1843-3707. Impact Factor JCR_2017: 1.334. Categories: Environmental Science (170\/241-Q3).<\/p>\n\n\n\n<p><strong>44. <\/strong>Mart\u00ednez-Gra\u00f1a. A.M.; Silva, P.G.; Vald\u00e9s V., Elez, J. (2019). Environmental modelling of paths landscaped less impact for linear infrastructure in nature parks. Application in \u201cLas Batuecas-Sierra de Francia\u201d and \u201cQuilamas\u201d nature parks (Central System, Salamanca, Spain). Environmental Engineering and Management Journal, Vol. 18 n\u00ba 5, 991-999.&nbsp; <\/p>\n\n\n\n<p><strong>43. <\/strong>Armenteros, I.; Dabrio, C.J.; Legoinha, P.; Gonz\u00e1lez-Delgado, J.A.; Mart\u00ednez-Gra\u00f1a, A., Alonso-Gavil\u00e1n, G.; Civis, J.; Pais, J. (2019). Facies and sequence analysis of Miocene open-shelf warm-temperate carbonates in Portim\u00e3o (Lagos-Portim\u00e3o Formation, Portugal). Facies, 65:33. <\/p>\n\n\n\n<p><strong>42. <\/strong>Cando-J\u00e1come, M.;<strong> <\/strong>Mart\u00ednez-Gra\u00f1a, A. (2019). Determination of primary and secondary lahar flow paths of the Fuego Volcano (Guatemala) using morphometric parameters. Special Issue Remote Sensing of Volcanic Processes and Risk. Remote Sensing, 11 (6), 727.<\/p>\n\n\n\n<p><strong>41. <\/strong>Criado, Marco; Mart\u00ednez-Gra\u00f1a Antonio; S\u00e1nchez San Rom\u00e1n, F. Javier and Santos-Franc\u00e9s, Fernando. (2019). Flood Risk Evaluation in Urban Spaces: The study case of Tormes River (Salamanca, Spain). International Journal of Environmental Research and Public Health IJERPH, 16 (1), 5. <\/p>\n\n\n\n<p><strong>40. <\/strong>Mart\u00ednez-Gra\u00f1a A., Goy, J.L, Gonz\u00e1lez-Delgado, J.A.; Cruz, R., Sanz J., Bustamante, I. (2019). 3D Virtual itinerary in the Geological Heritage from Natural Parks in Salamanca-\u00c1vila-C\u00e1ceres, Spain. Sustainability, 11 (1), 144. <\/p>\n\n\n\n<p style=\"font-size:28px\" class=\"has-text-color has-background has-text-align-center has-white-color has-blue-gray-background-color\">2018<\/p>\n\n\n\n<p><strong>39. <\/strong>Mart\u00ednez-Gra\u00f1a, A.M. and Gago, C. (2018). Environmental analysis of flood risk in Urban Planning: A case study in the Las Quemadillas, C\u00f3rdoba. Environmental Engineering and Management Journal, 11, 2527-2536.<\/p>\n\n\n\n<p><strong>38. <\/strong>Mart\u00ednez-Gra\u00f1a A<strong>.<\/strong>, Gonz\u00e1lez-Delgado, J.A.; Ramos, C.; Gonzalo, J.C. (2018). Augmented Reality and Valorizing the Mesozoic Geological Heritage (Burgos, Spain). Sustainability, 10 (12), 4616 pp.<\/p>\n\n\n\n<p><strong>37.<\/strong> Valencia Ortiz, J. A.; Mart\u00ednez-Gra\u00f1a. A.M. (2018). A Neural Network Model applied to Landslide Susceptibility Analysis (Capitanejo, Colombia). Geomatics, Natural Hazards &amp; Risk, Vol 9 (1), 1106-1128.<\/p>\n\n\n\n<p><strong>36.<\/strong> Cando J\u00e1come, M.; Mart\u00ednez-Gra\u00f1a A. (2018). Numerical modeling of flow patterns applied to the analysis of the susceptibility to movements of the ground. Geosciences, 8, 340 pp.<\/p>\n\n\n\n<p><strong>35. <\/strong>Mart\u00ednez-Gra\u00f1a A., G\u00f3mez D., Santos-Franc\u00e9s, F., Bardaj\u00ed T., Goy J.L., Zazo C. (2018). Analysis of flood risk due to sea level rise in the Menor Sea (Murcia, Spain). Sustainability, 10 (3), 780 pp.<\/p>\n\n\n\n<p><strong>34.<\/strong> S\u00e1nchez-S\u00e1nchez, Yolanda; Mart\u00ednez-Gra\u00f1a Antonio<strong> <\/strong>and Santos-Franc\u00e9s, Fernando. (2018). Mapping Wildfire Ignition Probability using Sentinel 2 and LiDAR (Jerte Valley, C\u00e1ceres, Spain). Sensors 18, 826.<\/p>\n\n\n\n<p><strong>33.<\/strong> Santos-Franc\u00e9s, F.; Gil-Pacheco, E.; Mart\u00ednez-Gra\u00f1a, A.M.; Alonso Rojo, P.; \u00c1vila Zarza, C.; Garc\u00eda S\u00e1nchez, A. (2018). Concentration of uranium, spatial distribution and in the horizons of soils developed on granitic rocks and slates of the West of Spain. Environmental Pollution, 236, 1-11. <\/p>\n\n\n\n<p><strong>32.<\/strong> S\u00e1nchez, Y., Mart\u00ednez-Gra\u00f1a, A.M., Santos-Franc\u00e9s, F., Yenes, M. (2018) Influence of the sediment delivery ratio index on the analysis of silting and break risk in reservoirs (Central System, Spain). Natural Hazards, 91, issue 3, 1407-1421. <\/p>\n\n\n\n<p><strong>31. <\/strong>Mart\u00ednez-Gra\u00f1a. A.M.; Bajo I.; Gonz\u00e1lez-Delgado, J.A.; C\u00e1rdenas-Carretero, J.; Abad, M.; Legoinha, P. (2018). Virtual 3D tour applied to the palaeontological heritage in Sevilla (Guadalquivir Neogene basin, Spain) Geoheritage, 10 (3), 473-482.<\/p>\n\n\n\n<p style=\"font-size:28px\" class=\"has-text-color has-background has-text-align-center has-white-color has-blue-gray-background-color\">2017<\/p>\n\n\n\n<p><strong>30.<\/strong> Vidal Montes, R.; Mart\u00ednez-Gra\u00f1a, A.M.; Mart\u00ednez Catal\u00e1n, J.R.; Ayarza P.; S\u00e1nchez San Rom\u00e1n, F.J. and Zazo, C. (2017). Integration of GIS data and resistivity methods in the characterization of groundwater pollution by effluents discharges (Salamanca, Spain).&nbsp; International Journal of Environmental Research and Public Health 14 (14): 1369.Doi:10.3390\/ijerph14111369<\/p>\n\n\n\n<p><strong>29.<\/strong> Criado, Marco; Mart\u00ednez-Gra\u00f1a, Antonio; Santos-Franc\u00e9s, Fernando and Veleda, Sergio (2017). Multi-Criteria Analyses of Urban Planning for City Expansion: A Case Study of Zamora, Spain. Sustainability 2017, 9, 1850.<\/p>\n\n\n\n<p><strong>28. <\/strong>Mart\u00ednez-Gra\u00f1a. A.M.; Goy J.L.; Zazo, C.; Silva, P.G.; Santos-Franc\u00e9s, F. (2017). Configuration and evolution of the landscape from the geomorphological map in the Natural Parks Batuecas-Quilamas (Central System, SW Salamanca, Spain). Sustainability, 9, 1458.<\/p>\n\n\n\n<p><strong>27.<\/strong> Santos-Franc\u00e9s, F.;&nbsp; Martinez-Gra\u00f1a, A.M.;&nbsp; Alonso Rojo, P and Garc\u00eda S\u00e1nchez, A. (2017).&nbsp; Geochemical Background and Baseline Values Determination and Spatial Distribution of Heavy Metal Pollution in Soils of the Andes Mountain Range (Cajamarca-Huancavelica, Peru).\u2002International Journal of Environmental Research and Public Health 14(8): 859.<\/p>\n\n\n\n<p><strong>26. <\/strong>Mart\u00ednez-Gra\u00f1a, A.M.; Arias, L.; Goy. J.L.; Zazo, C.; Silva, P. (2017). Geomorphological map of the mouth of Arosa Estuary (Coru\u00f1a-Pontevedra, Spain). Journal of Map, 13:2, 554-562. ISSN: 1744-5647<strong>.<\/strong><\/p>\n\n\n\n<p><strong>25.<\/strong> Bardaj\u00ed, T., Mart\u00ednez-Gra\u00f1a, A., S\u00e1nchez Moral, S., Barret, H., Garc\u00eda-Gonz\u00e1lez, D, Cuezva, S., Ca\u00f1averas, J.C., Jim\u00e9nez-Higueras, A. (2017). Geomorphology of Dra Abu el-Naga (Egypt): the basis of the funerary sacred landscape. Journal of African Earth Sciences, 131, 233-250.<\/p>\n\n\n\n<p><strong>24.<\/strong> Santos-Franc\u00e9s, F.;&nbsp; Mart\u00ednez-Gra\u00f1a, A.M.; \u00c1vila Zarza, C.;&nbsp; Garc\u00eda S\u00e1nchez, A.;&nbsp; Alonso Rojo, P. (2017).&nbsp; Spatial Distribution of Heavy Metals and the Environmental Quality of Soil in the Northern Plateau of Spain by Geostatistical Methods.\u2002International Journal of Environmental Research and Public Health 14(6): 568.<\/p>\n\n\n\n<p><strong>23.<\/strong> Veleda, S.; Mart\u00ednez-Gra\u00f1a, A.M.; Santos-Franc\u00e9s, F.; S\u00e1nchez-San Roman, J.; Criado,M.&nbsp; (2017). Analysis of the Hazard, Vulnerability, and Exposure to the Risk of Flooding (Alba de Yeltes, Salamanca, Spain). Applied Sciences 7 (2), 157. <\/p>\n\n\n\n<p><strong>22. <\/strong>Mart\u00ednez-Gra\u00f1a, A.M.; Silva, P.G.; Goy, J.L.; Elez, J.; Vald\u00e9s, V.; Zazo, C. (2017). Geomorphology applied to landscape analysis for planning and management of natural spaces. Case study: Las Batuecas-S. de Francia and Quilamas natural parks, (Salamanca, Spain). \u2002Science of the Total Environment 584-585:175-188.<\/p>\n\n\n\n<p><strong>21.<\/strong> Silva, P.G., Elez, J., Giner-Robles, J.L., Rodriguez Pascual, M.A., Perez L\u00f3pez, R., Roquero, E., Bardaj\u00ed, T., Mart\u00ednez-Gra\u00f1a, A. (2017). ESI-07 ShakeMaps for instrumental and historical events in the Betic Cordillera (SE Spain): An approach based on geological data and applied to seismic hazard. Quaternary International, 451C, 185-208.<\/p>\n\n\n\n<p><strong>20.<\/strong> Silva, P.G.; L\u00f3pez, M.; Roquero, E.; Huerta, P.; Mart\u00ednez-Gra\u00f1a, A.M. (2017). Chronology of fluvial terrace sequences for Large Atlantic Rivers in the Iberian Peninsula (Upper Tagus and Duero drainage basins, Central Spain). Quaternary Science Reviews, 166, 188-203.<\/p>\n\n\n\n<p style=\"font-size:28px\" class=\"has-text-color has-background has-text-align-center has-white-color has-blue-gray-background-color\">2016<\/p>\n\n\n\n<p><strong>19.<\/strong> Elez, J.; Silva, P.G.; Huerta, P.; L\u00f3pez M..; E. Roquero,&nbsp; <a href=\"http:\/\/www.sciencedirect.com\/science\/article\/pii\/S0169555X16308558\">\u00c1ngeles Perucha<\/a>,&nbsp; M.; <a href=\"http:\/\/www.sciencedirect.com\/science\/article\/pii\/S0169555X16308558\">&nbsp;Civis<\/a>,&nbsp;J.&nbsp; <a href=\"http:\/\/www.sciencedirect.com\/science\/article\/pii\/S0169555X16308558\">&nbsp;Rodr\u00edguez-Pascua<\/a>,&nbsp;M. A.; <a href=\"http:\/\/www.sciencedirect.com\/science\/article\/pii\/S0169555X16308558\">Bardaj\u00ed<\/a>,&nbsp;T.; <a href=\"http:\/\/www.sciencedirect.com\/science\/article\/pii\/S0169555X16308558\">&nbsp;Giner Robles<\/a>,&nbsp;J.L.; <strong>Mart\u00ednez-Gra\u00f1a, A.M.<\/strong> (2016). Quantitative paleotopography and paleogeography around the Gibraltar Arc (South Spain) during the Messinian Salinity Crisis. Geomorphology, 275, 26-45. ISSN: 0169-555X.<\/p>\n\n\n\n<p><strong>18. Mart\u00ednez-Gra\u00f1a, A.M.;<\/strong> Goy, J.L.; Zazo, C. and P.G. Silva (2016). Soil map and 3D virtual tour using a database of soil-forming factors. Environmental Earth Sciences 75 (21), 1-19. Editorial: Springer Berlin Heidelberg. <\/p>\n\n\n\n<p><strong>17. Mart\u00ednez-Gra\u00f1a, A.M<\/strong>., Serrano, L., Gonz\u00e1lez-Delgado, J.A., Dabrio, C.J., Legoinha, P. (2017). Sustainable geotourism using digital technologies along a rural georoute in Monsagro (Salamanca, Spain). International Journal of Digital Earth 10:2, 121-138.<\/p>\n\n\n\n<p><strong>16. Mart\u00ednez-Gra\u00f1a. A.M.<\/strong>; Boski, T.; Goy J.L., Zazo, C, Dabrio. C.J.&nbsp; (2016). Coastal-flood risk management in central Algarve: Vulnerability and flood risk indices (South Portugal). Ecological Indicators, 71, 302-316. Ed Elservier. ISSN: 0304-3800. Journal Impact Factor JCR_2016: 3.444. Categories: Categories: <a href=\"https:\/\/jcr.incites.thomsonreuters.com\/JCRJournalProfileAction.action?pg=JRNLPROF&amp;journalImpactFactor=3.291&amp;year=2014&amp;journalTitle=International%20Journal%20of%20Digital%20Earth&amp;edition=SCIE&amp;journal=INT%20J%20DIGIT%20EARTH\">Environmental Sciences \u2013 Scie (34\/223-Q1);<\/a> DOI: 10.1016\/j.ecolind.2016.07.021<\/p>\n\n\n\n<p><strong>15.<\/strong> Silva, P.G.; Giner-Robles, J. L.; Reicherter, K.; Rodr\u00edguez-Pascua, M.A.; C. Gr\u00fctzner, Garc\u00eda Jim\u00e9nez, I.; Carrasco Garc\u00eda, P.; Bardaj\u00ed, T.; Santos, G.; Roquero, E.; R\u00f6th, J.; Perucha, M.A.; P\u00e9rez-L\u00f3pez, R.; Fern\u00e1ndez Macarro, B.; <strong>Mart\u00ednez-Gra\u00f1a<\/strong>, <strong>A.M.; <\/strong>Goy, J.L.; Zazo, C. (<strong>2016<\/strong>). Los Terremotos Antiguos del Conjunto Arqueol\u00f3gico Romano de Baelo Claudia (C\u00e1diz, Sur de Espa\u00f1a): Quince a\u00f1os de investigaci\u00f3n arqueosismol\u00f3gica. Estudios Geol\u00f3gicos 72 (1).<\/p>\n\n\n\n<p><strong>14. Mart\u00ednez-Gra\u00f1a, A.M<\/strong>., Legoinha, P., Gonz\u00e1lez-Delgado, J.A., Dabrio, C.J., Pais, J., Goy, J.L., Zazo, C., Civis, J., Armenteros, I., Alonso-Gavil\u00e1n, G., Dias, R. Cunha, T. (2017). Augmented Reality in a hiking tour on the Miocene geoheritage of central Algarve cliffs (Portugal). Geoheritage 9 (1), 121-131. Ed: Springer.<\/p>\n\n\n\n<p><strong>13.<\/strong> Vidal Montes, R.,<strong> Mart\u00ednez-Gra\u00f1a, A.M<\/strong>., Mart\u00ednez Catal\u00e1n, J.R.; Ayarza, P.; S\u00e1nchez San Rom\u00e1n, F.J. (2016). Vulnerability to groundwater contamination, (SW Salamanca, Spain). Journal of Maps. 12, 147-155.<\/p>\n\n\n\n<p><strong>12. Mart\u00ednez-Gra\u00f1a, A.M.<\/strong>, <a href=\"http:\/\/www.mdpi.com\/search?authors=Jos%C3%A9+Luis+Goy\">Goy,<\/a> J.L. and Zazo, C.\u00a0(2016). Geomorphological applications for susceptibility mapping of landslides in natural parks. Environmental Engineering and Management Journal. Vol. 15 (2):1-12 pp.\u00a0 Ed: Gheorghe Asachi Technical University of Iasi, Romania.<\/p>\n","protected":false},"excerpt":{"rendered":"<p>2020 54. Marcelo Cando-J\u00e1come, Antonio Mart\u00ednez-Gra\u00f1a, Virginia Vald\u00e9s (2020). Detection of terrain deformations by InSAR techniques and geophysical methods (Zaruma City, Ecuador). Remote Sensing, 12 (10), 1598. 53. Jos\u00e9 \u00c1ngel Gonz\u00e1lez-Delgado, Antonio Mart\u00ednez-Gra\u00f1a, Marina Holgado, Juan Carlos Gonzalo and Paulo Legoinha (2020). Augmented Reality as a tool for promoting the tourist value of the Geological &hellip; <a href=\"https:\/\/geapage.usal.es\/en\/art-indexadas\/\" class=\"more-link\">Continue reading<span class=\"screen-reader-text\"> &#8220;Art\u00edculos Indexados&#8221;<\/span><\/a><\/p>\n","protected":false},"author":51,"featured_media":0,"parent":0,"menu_order":0,"comment_status":"closed","ping_status":"closed","template":"","meta":{"footnotes":""},"class_list":["post-213","page","type-page","status-publish","hentry"],"aioseo_notices":[],"_links":{"self":[{"href":"https:\/\/geapage.usal.es\/en\/wp-json\/wp\/v2\/pages\/213","targetHints":{"allow":["GET"]}}],"collection":[{"href":"https:\/\/geapage.usal.es\/en\/wp-json\/wp\/v2\/pages"}],"about":[{"href":"https:\/\/geapage.usal.es\/en\/wp-json\/wp\/v2\/types\/page"}],"author":[{"embeddable":true,"href":"https:\/\/geapage.usal.es\/en\/wp-json\/wp\/v2\/users\/51"}],"replies":[{"embeddable":true,"href":"https:\/\/geapage.usal.es\/en\/wp-json\/wp\/v2\/comments?post=213"}],"version-history":[{"count":5,"href":"https:\/\/geapage.usal.es\/en\/wp-json\/wp\/v2\/pages\/213\/revisions"}],"predecessor-version":[{"id":233,"href":"https:\/\/geapage.usal.es\/en\/wp-json\/wp\/v2\/pages\/213\/revisions\/233"}],"wp:attachment":[{"href":"https:\/\/geapage.usal.es\/en\/wp-json\/wp\/v2\/media?parent=213"}],"curies":[{"name":"wp","href":"https:\/\/api.w.org\/{rel}","templated":true}]}}