{"id":120,"date":"2020-07-23T11:24:17","date_gmt":"2020-07-23T11:24:17","guid":{"rendered":"https:\/\/geapage.usal.es\/?page_id=120"},"modified":"2024-01-30T16:37:08","modified_gmt":"2024-01-30T16:37:08","slug":"investigadores","status":"publish","type":"page","link":"https:\/\/geapage.usal.es\/en\/investigadores\/","title":{"rendered":"Investigadores"},"content":{"rendered":"<div class=\"wp-block-group\"><div class=\"wp-block-group__inner-container is-layout-flow wp-block-group-is-layout-flow\">\r\n<div class=\"wp-block-group\"><div class=\"wp-block-group__inner-container is-layout-flow wp-block-group-is-layout-flow\">\r\n<div class=\"wp-block-group\"><div class=\"wp-block-group__inner-container is-layout-flow wp-block-group-is-layout-flow\">\r\n<hr>\r\n<p>&nbsp;<\/p>\r\n<\/div><\/div>\r\n\r\n\r\n\r\n<div class=\"wp-block-group\"><div class=\"wp-block-group__inner-container is-layout-flow wp-block-group-is-layout-flow\">\r\n<p class=\"has-background has-text-align-left has-medium-font-size has-blue-gray-background-color\"><img loading=\"lazy\" decoding=\"async\" width=\"300\" height=\"270\" class=\"wp-image-184\" style=\"width: 130px\" src=\"https:\/\/geapage.usal.es\/wp-content\/uploads\/sites\/49\/2020\/08\/Antonio-Martinez-1.png\" alt=\"\">  <span style=\"color:#fff\" class=\"tadv-color\"><strong>Antonio Miguel Mart\u00ednez Gra\u00f1a (Inv. Principal)<\/strong>.              <\/span><\/p>\r\n\r\n\r\n\r\n<p class=\"has-background has-blue-gray-background-color\"><span style=\"color:#fff\" class=\"tadv-color\">Profesor Titular \u00c1rea Geodin\u00e1mica Externa. Dpto. Geolog\u00eda. Universidad de Salamanca<\/span>.<\/p>\r\n<\/div><\/div>\r\n<\/div><\/div>\r\n<\/div><\/div>\r\n\r\n\r\n\r\n<hr class=\"wp-block-separator is-style-dots\" \/>\r\n\r\n\r\n\r\n<p class=\"has-background has-text-align-left has-medium-font-size has-blue-gray-background-color\"><img loading=\"lazy\" decoding=\"async\" width=\"128\" height=\"128\" class=\"wp-image-238\" style=\"width: 130px\" src=\"https:\/\/geapage.usal.es\/wp-content\/uploads\/sites\/49\/2020\/08\/Jose_Gonzalez-Delgado.jpg\" alt=\"\">  <span style=\"color:#fff\" class=\"tadv-color\"><strong>Jos\u00e9 \u00c1ngel Gonz\u00e1lez Delgado<\/strong>             <\/span><\/p>\r\n\r\n\r\n\r\n<p class=\"has-text-color has-background has-white-color has-blue-gray-background-color\"><span style=\"color:#fff\" class=\"tadv-color\">Catedr\u00e1tico \u00c1rea Paleontolog\u00eda. Dpto. Geolog\u00eda. Universidad de Salamanca.<\/span><\/p>\r\n\r\n\r\n\r\n<hr class=\"wp-block-separator is-style-dots\" \/>\r\n\r\n\r\n\r\n<p class=\"has-text-color has-background has-text-align-left has-medium-font-size has-white-color has-blue-gray-background-color\"><img loading=\"lazy\" decoding=\"async\" width=\"512\" height=\"512\" class=\"wp-image-239\" style=\"width: 130px\" src=\"https:\/\/geapage.usal.es\/wp-content\/uploads\/sites\/49\/2020\/08\/F_Santos-Frances.jpg\" alt=\"\" srcset=\"https:\/\/geapage.usal.es\/wp-content\/uploads\/sites\/49\/2020\/08\/F_Santos-Frances.jpg 512w, https:\/\/geapage.usal.es\/wp-content\/uploads\/sites\/49\/2020\/08\/F_Santos-Frances-300x300.jpg 300w, https:\/\/geapage.usal.es\/wp-content\/uploads\/sites\/49\/2020\/08\/F_Santos-Frances-150x150.jpg 150w\" sizes=\"auto, (max-width: 512px) 85vw, 512px\" \/>  <span style=\"color:#fff\" class=\"tadv-color\"><strong>Fernando Santos Fran<\/strong><\/span><strong>c\u00e9s<\/strong><\/p>\r\n\r\n\r\n\r\n<p class=\"has-background has-blue-gray-background-color\"><span style=\"color:#fff\" class=\"tadv-color\">Catedr\u00e1tico de Edafolog\u00eda. Dpto. Edafolog\u00eda y Quimica Agricola. Universidad de Salamanca.<\/span><\/p>\r\n\r\n\r\n\r\n<hr class=\"wp-block-separator is-style-dots\" \/>\r\n\r\n\r\n\r\n<p class=\"has-text-color has-background has-text-align-left has-medium-font-size has-white-color has-blue-gray-background-color\"><img loading=\"lazy\" decoding=\"async\" width=\"128\" height=\"128\" class=\"wp-image-240\" style=\"width: 130px\" src=\"https:\/\/geapage.usal.es\/wp-content\/uploads\/sites\/49\/2020\/08\/Ildefonso_Armenteros.jpg\" alt=\"\">  <span style=\"color:#fff\" class=\"tadv-color\"><strong>Ildefonso Armenteros Armenteros<\/strong><\/span><\/p>\r\n\r\n\r\n\r\n<p class=\"has-background has-blue-gray-background-color\"><span style=\"color:#fff\" class=\"tadv-color\">Catedr\u00e1tico \u00c1rea Estratigraf\u00eda. Dpto. Geolog\u00eda. Universidad de Salamanca.<\/span><\/p>\r\n\r\n\r\n\r\n<hr class=\"wp-block-separator is-style-dots\" \/>\r\n\r\n\r\n\r\n<p class=\"has-text-color has-background has-text-align-left has-medium-font-size has-white-color has-blue-gray-background-color\"><img loading=\"lazy\" decoding=\"async\" width=\"128\" height=\"128\" class=\"wp-image-241\" style=\"width: 130px\" src=\"https:\/\/geapage.usal.es\/wp-content\/uploads\/sites\/49\/2020\/08\/Mariano_Yenes.jpg\" alt=\"\">  Mariano Yenes Ortega<\/p>\r\n\r\n\r\n\r\n<p class=\"has-background has-blue-gray-background-color\"><span style=\"color:#fff\" class=\"tadv-color\">Profesor Titular \u00c1rea Geodin\u00e1mica Interna. Dpto. Geolog\u00eda. Universidad de Salamanca.<\/span><\/p>\r\n\r\n\r\n\r\n<hr class=\"wp-block-separator is-style-dots\" \/>\r\n\r\n\r\n\r\n<p class=\"has-text-color has-background has-text-align-left has-medium-font-size has-white-color has-blue-gray-background-color\"><img loading=\"lazy\" decoding=\"async\" width=\"512\" height=\"512\" class=\"wp-image-242\" style=\"width: 130px\" src=\"https:\/\/geapage.usal.es\/wp-content\/uploads\/sites\/49\/2020\/08\/Maria_Carballo4.jpg\" alt=\"\" srcset=\"https:\/\/geapage.usal.es\/wp-content\/uploads\/sites\/49\/2020\/08\/Maria_Carballo4.jpg 512w, https:\/\/geapage.usal.es\/wp-content\/uploads\/sites\/49\/2020\/08\/Maria_Carballo4-300x300.jpg 300w, https:\/\/geapage.usal.es\/wp-content\/uploads\/sites\/49\/2020\/08\/Maria_Carballo4-150x150.jpg 150w\" sizes=\"auto, (max-width: 512px) 85vw, 512px\" \/>  M. Rosario Rivas Carballo<\/p>\r\n\r\n\r\n\r\n<p class=\"has-background has-blue-gray-background-color\"><span style=\"color:#fff\" class=\"tadv-color\">Profesora Titular \u00c1rea Paleontolog\u00eda. Dpto. Geolog\u00eda. Universidad de Salamanca.<\/span><\/p>\r\n\r\n\r\n\r\n<hr class=\"wp-block-separator is-style-dots\" \/>\r\n\r\n\r\n\r\n<p class=\"has-text-color has-background has-text-align-left has-medium-font-size has-white-color has-blue-gray-background-color\"><img loading=\"lazy\" decoding=\"async\" width=\"225\" height=\"225\" class=\"wp-image-243\" style=\"width: 130px\" src=\"https:\/\/geapage.usal.es\/wp-content\/uploads\/sites\/49\/2020\/08\/Javier-Elez.jpg\" alt=\"\" srcset=\"https:\/\/geapage.usal.es\/wp-content\/uploads\/sites\/49\/2020\/08\/Javier-Elez.jpg 225w, https:\/\/geapage.usal.es\/wp-content\/uploads\/sites\/49\/2020\/08\/Javier-Elez-150x150.jpg 150w\" sizes=\"auto, (max-width: 225px) 85vw, 225px\" \/>  Javier Elez Villar<\/p>\r\n\r\n\r\n\r\n<p class=\"has-background has-blue-gray-background-color\"><span style=\"color:#fff\" class=\"tadv-color\">Profesor Ayudante Doctor. \u00c1rea Geodin\u00e1mica Externa. Dpto. Geolog\u00eda. Universidad de Salamanca.<\/span><\/p>\r\n\r\n\r\n\r\n<hr class=\"wp-block-separator is-style-dots\" \/>\r\n\r\n\r\n\r\n<p class=\"has-text-color has-background has-text-align-left has-medium-font-size has-white-color has-blue-gray-background-color\"><img loading=\"lazy\" decoding=\"async\" width=\"64\" height=\"64\" class=\"wp-image-244\" style=\"width: 130px\" src=\"https:\/\/geapage.usal.es\/wp-content\/uploads\/sites\/49\/2020\/08\/Yolanda_Sanchez14.jpg\" alt=\"\">  Yolanda S\u00e1nchez S\u00e1nchez<\/p>\r\n\r\n\r\n\r\n<p class=\"has-background has-blue-gray-background-color\"><span style=\"color:#fff\" class=\"tadv-color\">Profesor Asociado \u00c1rea Geodin\u00e1mica Externa. Dpto. Geolog\u00eda. Universidad de Salamanca.<\/span><\/p>","protected":false},"excerpt":{"rendered":"<p>&nbsp; Antonio Miguel Mart\u00ednez Gra\u00f1a (Inv. Principal). Profesor Titular \u00c1rea Geodin\u00e1mica Externa. Dpto. Geolog\u00eda. Universidad de Salamanca. Jos\u00e9 \u00c1ngel Gonz\u00e1lez Delgado Catedr\u00e1tico \u00c1rea Paleontolog\u00eda. Dpto. Geolog\u00eda. Universidad de Salamanca. Fernando Santos Franc\u00e9s Catedr\u00e1tico de Edafolog\u00eda. Dpto. Edafolog\u00eda y Quimica Agricola. Universidad de Salamanca. Ildefonso Armenteros Armenteros Catedr\u00e1tico \u00c1rea Estratigraf\u00eda. Dpto. Geolog\u00eda. Universidad de Salamanca. Mariano &hellip; <a href=\"https:\/\/geapage.usal.es\/en\/investigadores\/\" class=\"more-link\">Continue reading<span class=\"screen-reader-text\"> &#8220;Investigadores&#8221;<\/span><\/a><\/p>\n","protected":false},"author":51,"featured_media":0,"parent":0,"menu_order":0,"comment_status":"closed","ping_status":"closed","template":"page-templates\/UnaColumnaSidebar.php","meta":{"footnotes":""},"class_list":["post-120","page","type-page","status-publish","hentry"],"aioseo_notices":[],"_links":{"self":[{"href":"https:\/\/geapage.usal.es\/en\/wp-json\/wp\/v2\/pages\/120","targetHints":{"allow":["GET"]}}],"collection":[{"href":"https:\/\/geapage.usal.es\/en\/wp-json\/wp\/v2\/pages"}],"about":[{"href":"https:\/\/geapage.usal.es\/en\/wp-json\/wp\/v2\/types\/page"}],"author":[{"embeddable":true,"href":"https:\/\/geapage.usal.es\/en\/wp-json\/wp\/v2\/users\/51"}],"replies":[{"embeddable":true,"href":"https:\/\/geapage.usal.es\/en\/wp-json\/wp\/v2\/comments?post=120"}],"version-history":[{"count":78,"href":"https:\/\/geapage.usal.es\/en\/wp-json\/wp\/v2\/pages\/120\/revisions"}],"predecessor-version":[{"id":382,"href":"https:\/\/geapage.usal.es\/en\/wp-json\/wp\/v2\/pages\/120\/revisions\/382"}],"wp:attachment":[{"href":"https:\/\/geapage.usal.es\/en\/wp-json\/wp\/v2\/media?parent=120"}],"curies":[{"name":"wp","href":"https:\/\/api.w.org\/{rel}","templated":true}]}}