{"id":115,"date":"2020-07-23T10:39:13","date_gmt":"2020-07-23T10:39:13","guid":{"rendered":"https:\/\/geapage.usal.es\/?page_id=115"},"modified":"2020-08-10T12:48:00","modified_gmt":"2020-08-10T12:48:00","slug":"publicaciones","status":"publish","type":"page","link":"https:\/\/geapage.usal.es\/en\/publicaciones\/","title":{"rendered":"Publicaciones"},"content":{"rendered":"\n<p style=\"font-size:28px\" class=\"has-text-color has-background has-text-align-center has-white-color has-blue-gray-background-color\">2020<\/p>\n\n\n\n<p><strong>54<\/strong>. Marcelo Cando-J\u00e1come, <strong>Antonio Mart\u00ednez-Gra\u00f1a<\/strong>, Virginia Vald\u00e9s (2020). Detection of terrain deformations by InSAR techniques and geophysical methods (Zaruma City, Ecuador). Remote Sensing, 12 (10), 1598.<\/p>\n\n\n\n<p><strong>53<\/strong>. Jos\u00e9 \u00c1ngel Gonz\u00e1lez-Delgado, <strong>Antonio Mart\u00ednez-Gra\u00f1a<\/strong>, Marina Holgado, Juan Carlos Gonzalo and Paulo Legoinha (2020). *Augmented Reality as a tool for promoting the tourist value of the Geological Heritage around natural filming locations: A case study in \u201cSad Hill\u201d (The Good, the Bad and the Ugly movie, Burgos, Spain). Geoheritage, 12:34. Ed.: Springer. ISSN: 1867-2477. Impact Factor JCR_2019: 3.062. Categories: Geosciences Multidisciplinary (53\/200-Q2). DOI: 10.1007\/s12371-020-00457-4<\/p>\n\n\n\n<p><strong>52<\/strong>. <strong>Marco Criado;<\/strong> Santos-Franc\u00e9s, Fernando; <strong>Mart\u00ednez-Gra\u00f1a<\/strong> <strong>Antonio<\/strong>; S\u00e1nchez-S\u00e1nchez, Yolanda and Leticia Merch\u00e1n. (2020). Multitemporal Analysis of Soil Sealing and Land Use Changes Linked to Urban Expansion of Salamanca (Spain) Using Landsat Images and Soil Carbon Management as a Mitigating Tool for Climate Change. Remote Sensing, 12, 1131. Ed.: MDPI. ISSN 2070-4292. Impact Factor JCR_2018: 4.118. Categories: Remote Sensing (7\/30-Q1). doi:10.3390\/rs12071131<\/p>\n\n\n\n<p><strong>51.<\/strong> Marcelo Cando-J\u00e1come, <strong>Antonio Mart\u00ednez-Gra\u00f1a<\/strong>, Virginia Vald\u00e9s (2020). Prevention of Disasters Related to Extreme Natural Ground Deformation Events by Applying Spatial Modeling in Urban Areas (Quito, Ecuador). International Journal of Environmental Research and Public Health, 17 (3), 753. Ed.: MDPI. ISSN: 1660-4601. Impact Factor JCR_2018: 2.468. Categories: Environmental Sciences (112\/251-Q2), Public, Environmental &amp; Occupational Health (67\/186-Q2). https:\/\/doi:10.3390\/ijerph17030753<\/p>\n","protected":false},"excerpt":{"rendered":"<p>2020 54. Marcelo Cando-J\u00e1come, Antonio Mart\u00ednez-Gra\u00f1a, Virginia Vald\u00e9s (2020). Detection of terrain deformations by InSAR techniques and geophysical methods (Zaruma City, Ecuador). Remote Sensing, 12 (10), 1598. 53. Jos\u00e9 \u00c1ngel Gonz\u00e1lez-Delgado, Antonio Mart\u00ednez-Gra\u00f1a, Marina Holgado, Juan Carlos Gonzalo and Paulo Legoinha (2020). *Augmented Reality as a tool for promoting the tourist value of the Geological &hellip; <a href=\"https:\/\/geapage.usal.es\/en\/publicaciones\/\" class=\"more-link\">Continue reading<span class=\"screen-reader-text\"> &#8220;Publicaciones&#8221;<\/span><\/a><\/p>\n","protected":false},"author":51,"featured_media":0,"parent":0,"menu_order":0,"comment_status":"closed","ping_status":"closed","template":"","meta":{"footnotes":""},"class_list":["post-115","page","type-page","status-publish","hentry"],"aioseo_notices":[],"_links":{"self":[{"href":"https:\/\/geapage.usal.es\/en\/wp-json\/wp\/v2\/pages\/115","targetHints":{"allow":["GET"]}}],"collection":[{"href":"https:\/\/geapage.usal.es\/en\/wp-json\/wp\/v2\/pages"}],"about":[{"href":"https:\/\/geapage.usal.es\/en\/wp-json\/wp\/v2\/types\/page"}],"author":[{"embeddable":true,"href":"https:\/\/geapage.usal.es\/en\/wp-json\/wp\/v2\/users\/51"}],"replies":[{"embeddable":true,"href":"https:\/\/geapage.usal.es\/en\/wp-json\/wp\/v2\/comments?post=115"}],"version-history":[{"count":2,"href":"https:\/\/geapage.usal.es\/en\/wp-json\/wp\/v2\/pages\/115\/revisions"}],"predecessor-version":[{"id":206,"href":"https:\/\/geapage.usal.es\/en\/wp-json\/wp\/v2\/pages\/115\/revisions\/206"}],"wp:attachment":[{"href":"https:\/\/geapage.usal.es\/en\/wp-json\/wp\/v2\/media?parent=115"}],"curies":[{"name":"wp","href":"https:\/\/api.w.org\/{rel}","templated":true}]}}